{"id":770,"date":"2016-01-17T20:11:33","date_gmt":"2016-01-17T18:11:33","guid":{"rendered":"http:\/\/www.photoaddiction.fr\/blog\/?page_id=770"},"modified":"2016-01-24T07:01:39","modified_gmt":"2016-01-24T05:01:39","slug":"test-petit-livret-epais-saal-digital","status":"publish","type":"page","link":"http:\/\/www.photoaddiction.fr\/blog\/test-petit-livret-epais-saal-digital\/","title":{"rendered":"Test Petit Livret Epais Saal Digital"},"content":{"rendered":"<p>le test \u00e0 ce jour concerne le livre photo \u00e9pais de Saal digital<\/p>\n<p>Command\u00e9 le 03\/01\/2016 et re\u00e7u le 13\/01\/2016 (avec 2 jours de retard sur les pr\u00e9visions, \u00e0 cause de la poste).<\/p>\n<p>Le Logiciel:<\/p>\n<p>Le logiciel \u00e0 t\u00e9l\u00e9charger sur le site. L&rsquo;installation se fait rapidement et on est rapidement dans le bain. J&rsquo;ai utilis\u00e9 bien sur les 3 programmes car m\u00eame si j&rsquo;avais fait au d\u00e9part un livre le logiciel Matisseo et en refaisant le livre dans le logiciel chez Saal je me suis rendu compte que je ne peux pas tr\u00e8s simplement reproduire le livre \u00e0 l&rsquo;identique chez Matisseo du fait de la qualit\u00e9 moindre de leur logiciel.<\/p>\n<p>La prise en main et l&rsquo;utilisation de leur logiciel est un exemple de facilit\u00e9 de m\u00eame que l&rsquo;ajout de fonctions inexistantes pour d&rsquo;autres comme les clip art vectoriels. Le logiciel est rapide et pr\u00e9cis. quelques lacunes bien sur ou plut\u00f4t des options qu&rsquo;on aimerait y trouver<br \/>\ncomme la possibilit\u00e9 d&rsquo;importer nos clip arts vectoriel ou bien nos polices de caract\u00e8res.<\/p>\n<p>Que l&rsquo;on fasse un livre, parti de rien ou bien en utilisant les mod\u00e8les propos\u00e9s qui ne sont pas super nombreux ni vraiment diversifi\u00e9s.<\/p>\n<p>L&rsquo;int\u00e9r\u00eat dans mon cas est l&rsquo;ouverture \u00e0 plat du livre ! ce qui permet des panoramas sur deux pages sans coupures et l\u00e0 j&rsquo;avoue je suis souffl\u00e9. J&rsquo;utilise un format de livre carr\u00e9, par contre j&rsquo;aime conserver le format 2\/3 ou 3\/2 des photos que je fais, si je fais la composition pour ces formats, ce n&rsquo;est pas pour recadrer en 1\/1 apr\u00e8s coup! et certaines valent le coup au maximum de la grandeur.<\/p>\n<p>Donc le livre \u00e9pais:<\/p>\n<p>r\u00e9ception et d\u00e9couverte d&rsquo;un carton un peu l\u00e9ger \u00e0 mon gout. Le livre est prot\u00e9g\u00e9 par une fine mousse. le carton ext\u00e9rieur est bien plus fin que celui de Blurb. toutefois le livre est dans un \u00e9tat impeccable.<\/p>\n<figure id=\"attachment_743\" aria-describedby=\"caption-attachment-743\" style=\"width: 720px\" class=\"wp-caption aligncenter\"><a href=\"http:\/\/www.photoaddiction.fr\/blog\/wp-content\/uploads\/2016\/01\/20160113_121339.jpg\"><img loading=\"lazy\" class=\"size-large wp-image-743\" src=\"http:\/\/www.photoaddiction.fr\/blog\/wp-content\/uploads\/2016\/01\/20160113_121339-1024x576.jpg\" alt=\"colis re\u00e7u chez moi\" width=\"720\" height=\"405\" srcset=\"http:\/\/www.photoaddiction.fr\/blog\/wp-content\/uploads\/2016\/01\/20160113_121339-1024x576.jpg 1024w, http:\/\/www.photoaddiction.fr\/blog\/wp-content\/uploads\/2016\/01\/20160113_121339-800x450.jpg 800w\" sizes=\"(max-width: 720px) 100vw, 720px\" \/><\/a><figcaption id=\"caption-attachment-743\" class=\"wp-caption-text\">colis re\u00e7u chez moi<\/figcaption><\/figure>\n<figure id=\"attachment_744\" aria-describedby=\"caption-attachment-744\" style=\"width: 720px\" class=\"wp-caption aligncenter\"><a href=\"http:\/\/www.photoaddiction.fr\/blog\/wp-content\/uploads\/2016\/01\/20160113_121355.jpg\"><img loading=\"lazy\" class=\"size-large wp-image-744\" src=\"http:\/\/www.photoaddiction.fr\/blog\/wp-content\/uploads\/2016\/01\/20160113_121355-1024x576.jpg\" alt=\"Carton un peu l\u00e9ger\" width=\"720\" height=\"405\" srcset=\"http:\/\/www.photoaddiction.fr\/blog\/wp-content\/uploads\/2016\/01\/20160113_121355-1024x576.jpg 1024w, http:\/\/www.photoaddiction.fr\/blog\/wp-content\/uploads\/2016\/01\/20160113_121355-800x450.jpg 800w\" sizes=\"(max-width: 720px) 100vw, 720px\" \/><\/a><figcaption id=\"caption-attachment-744\" class=\"wp-caption-text\">Carton un peu l\u00e9ger<\/figcaption><\/figure>\n<figure id=\"attachment_745\" aria-describedby=\"caption-attachment-745\" style=\"width: 720px\" class=\"wp-caption aligncenter\"><a href=\"http:\/\/www.photoaddiction.fr\/blog\/wp-content\/uploads\/2016\/01\/20160113_121408.jpg\"><img loading=\"lazy\" class=\"size-large wp-image-745\" src=\"http:\/\/www.photoaddiction.fr\/blog\/wp-content\/uploads\/2016\/01\/20160113_121408-1024x576.jpg\" alt=\"Mousse Saal digital\" width=\"720\" height=\"405\" srcset=\"http:\/\/www.photoaddiction.fr\/blog\/wp-content\/uploads\/2016\/01\/20160113_121408-1024x576.jpg 1024w, http:\/\/www.photoaddiction.fr\/blog\/wp-content\/uploads\/2016\/01\/20160113_121408-800x450.jpg 800w\" sizes=\"(max-width: 720px) 100vw, 720px\" \/><\/a><figcaption id=\"caption-attachment-745\" class=\"wp-caption-text\">Mousse Saal digital<\/figcaption><\/figure>\n<p>Ma premi\u00e8re surprise concerne la couverture un peu molletonn\u00e9 ce qui donne un effet haut de gamme int\u00e9ressant.<\/p>\n<p><a href=\"http:\/\/www.photoaddiction.fr\/blog\/wp-content\/uploads\/2016\/01\/20160113_121427.jpg\"><img loading=\"lazy\" class=\"aligncenter size-large wp-image-746\" src=\"http:\/\/www.photoaddiction.fr\/blog\/wp-content\/uploads\/2016\/01\/20160113_121427-1024x576.jpg\" alt=\"20160113_121427\" width=\"720\" height=\"405\" srcset=\"http:\/\/www.photoaddiction.fr\/blog\/wp-content\/uploads\/2016\/01\/20160113_121427-1024x576.jpg 1024w, http:\/\/www.photoaddiction.fr\/blog\/wp-content\/uploads\/2016\/01\/20160113_121427-800x450.jpg 800w\" sizes=\"(max-width: 720px) 100vw, 720px\" \/><\/a><\/p>\n<p>les photos sont claire et les couleurs respectent les photos originales m\u00eame si le gamma a \u00e9t\u00e9 un peu baiss\u00e9, surement pour faire ressortir un peu mieux les photos. (Blurb est plus clair et ressemble un peu plus aux originaux) mais je chipote !<\/p>\n<p>Le papier est extr\u00eamement \u00e9pais, je ne pense pas que ce soit un format \u00e0 utiliser souvent, c&rsquo;est vraiment \u00e9pais!<\/p>\n<figure id=\"attachment_756\" aria-describedby=\"caption-attachment-756\" style=\"width: 720px\" class=\"wp-caption aligncenter\"><a href=\"http:\/\/www.photoaddiction.fr\/blog\/wp-content\/uploads\/2016\/01\/20160113_121859.jpg\"><img loading=\"lazy\" class=\"size-large wp-image-756\" src=\"http:\/\/www.photoaddiction.fr\/blog\/wp-content\/uploads\/2016\/01\/20160113_121859-1024x576.jpg\" alt=\"saal digital papier \u00e9pais\" width=\"720\" height=\"405\" srcset=\"http:\/\/www.photoaddiction.fr\/blog\/wp-content\/uploads\/2016\/01\/20160113_121859-1024x576.jpg 1024w, http:\/\/www.photoaddiction.fr\/blog\/wp-content\/uploads\/2016\/01\/20160113_121859-800x450.jpg 800w\" sizes=\"(max-width: 720px) 100vw, 720px\" \/><\/a><figcaption id=\"caption-attachment-756\" class=\"wp-caption-text\">saal digital papier \u00e9pais<\/figcaption><\/figure>\n<h2>Le bon<\/h2>\n<p>l&rsquo;ensemble donne une impression de qualit\u00e9 tr\u00e8s bonne! le brillant des pages (c&rsquo;est une option \u00e0 5\u20ac) rend vraiment tr\u00e8s bien.<\/p>\n<p>le prix : 39,90\u20ac (-15 euros si vous \u00eates nouveaux) avec la couverture molletonn\u00e9e + papier brillant + 10 pages.<\/p>\n<p>clip arts Vectoriels avec ombrage tr\u00e8s sympa.<\/p>\n<p>l&rsquo;ouverture \u00e0 plat du livre !<\/p>\n<figure id=\"attachment_754\" aria-describedby=\"caption-attachment-754\" style=\"width: 720px\" class=\"wp-caption aligncenter\"><a href=\"http:\/\/www.photoaddiction.fr\/blog\/wp-content\/uploads\/2016\/01\/20160113_121639.jpg\"><img loading=\"lazy\" class=\"size-large wp-image-754\" src=\"http:\/\/www.photoaddiction.fr\/blog\/wp-content\/uploads\/2016\/01\/20160113_121639-1024x576.jpg\" alt=\"Saal ouverture \u00e0 plat\" width=\"720\" height=\"405\" srcset=\"http:\/\/www.photoaddiction.fr\/blog\/wp-content\/uploads\/2016\/01\/20160113_121639-1024x576.jpg 1024w, http:\/\/www.photoaddiction.fr\/blog\/wp-content\/uploads\/2016\/01\/20160113_121639-800x450.jpg 800w\" sizes=\"(max-width: 720px) 100vw, 720px\" \/><\/a><figcaption id=\"caption-attachment-754\" class=\"wp-caption-text\">Saal ouverture \u00e0 plat<\/figcaption><\/figure>\n<figure id=\"attachment_740\" aria-describedby=\"caption-attachment-740\" style=\"width: 720px\" class=\"wp-caption aligncenter\"><a href=\"http:\/\/www.photoaddiction.fr\/blog\/wp-content\/uploads\/2016\/01\/20160111_112002.jpg\"><img loading=\"lazy\" class=\"size-large wp-image-740\" src=\"http:\/\/www.photoaddiction.fr\/blog\/wp-content\/uploads\/2016\/01\/20160111_112002-1024x576.jpg\" alt=\"Blurb \u00e0 plat la diff\u00e9rence\" width=\"720\" height=\"405\" srcset=\"http:\/\/www.photoaddiction.fr\/blog\/wp-content\/uploads\/2016\/01\/20160111_112002-1024x576.jpg 1024w, http:\/\/www.photoaddiction.fr\/blog\/wp-content\/uploads\/2016\/01\/20160111_112002-800x450.jpg 800w\" sizes=\"(max-width: 720px) 100vw, 720px\" \/><\/a><figcaption id=\"caption-attachment-740\" class=\"wp-caption-text\">Blurb \u00e0 plat la diff\u00e9rence<\/figcaption><\/figure>\n<h2>moins bien:<\/h2>\n<p>il reste un petit code barre sur le quatri\u00e8me de couverture.<br \/>\nla page 1 commence \u00e0 l&rsquo;arri\u00e8re de la couverture, obligeant \u00e0 ins\u00e9rer au prix plein pot une feuille vi\u00e8rge \u00e0 l&rsquo;avant et \u00e0 l&rsquo;arri\u00e8re.<\/p>\n<p>pour le reste c&rsquo;est du tout bon.<\/p>\n<p>la commande du format 28X28 me donnera une id\u00e9e plus pr\u00e9cise de la qualit\u00e9 comparativement \u00e0 Blurb et son format 30X30<br \/>\nc&rsquo;est command\u00e9 et \u00e7a fera l&rsquo;objet d&rsquo;un test.<\/p>\n<p>jos\u00e9<\/p>\n","protected":false},"excerpt":{"rendered":"<p>le test \u00e0 ce jour concerne le livre photo \u00e9pais de Saal digital Command\u00e9 le 03\/01\/2016 et re\u00e7u le 13\/01\/2016 (avec 2 jours&#8230;<\/p>\n","protected":false},"author":1,"featured_media":0,"parent":0,"menu_order":1,"comment_status":"open","ping_status":"closed","template":"","meta":[],"_links":{"self":[{"href":"http:\/\/www.photoaddiction.fr\/blog\/wp-json\/wp\/v2\/pages\/770"}],"collection":[{"href":"http:\/\/www.photoaddiction.fr\/blog\/wp-json\/wp\/v2\/pages"}],"about":[{"href":"http:\/\/www.photoaddiction.fr\/blog\/wp-json\/wp\/v2\/types\/page"}],"author":[{"embeddable":true,"href":"http:\/\/www.photoaddiction.fr\/blog\/wp-json\/wp\/v2\/users\/1"}],"replies":[{"embeddable":true,"href":"http:\/\/www.photoaddiction.fr\/blog\/wp-json\/wp\/v2\/comments?post=770"}],"version-history":[{"count":2,"href":"http:\/\/www.photoaddiction.fr\/blog\/wp-json\/wp\/v2\/pages\/770\/revisions"}],"predecessor-version":[{"id":774,"href":"http:\/\/www.photoaddiction.fr\/blog\/wp-json\/wp\/v2\/pages\/770\/revisions\/774"}],"wp:attachment":[{"href":"http:\/\/www.photoaddiction.fr\/blog\/wp-json\/wp\/v2\/media?parent=770"}],"curies":[{"name":"wp","href":"https:\/\/api.w.org\/{rel}","templated":true}]}}